{"id":43,"date":"2017-08-31T21:01:08","date_gmt":"2017-08-31T19:01:08","guid":{"rendered":"https:\/\/www.schloss-buedesheim.de\/?page_id=43"},"modified":"2025-12-16T20:11:11","modified_gmt":"2025-12-16T18:11:11","slug":"termine","status":"publish","type":"page","link":"https:\/\/www.schloss-buedesheim.de\/?page_id=43","title":{"rendered":"Termine"},"content":{"rendered":"<p style=\"text-align: left;\">Hier finden Sie alle zuk\u00fcnftigen und vergangenen Termine, die Sie im Zusammenhang mit unserem Verein interessieren k\u00f6nnten. Bitte beachten Sie, dass es selbst bei gr\u00f6\u00dfter Sorgfalt und Aktualit\u00e4t unsererseits immer zu kurzfristigen \u00c4nderungen bei den Veranstaltungen kommen kann.<\/p>\n<p><\/p>\n<p class=\"has-huge-font-size\"><strong>2. Winterzauber am Alten Schloss B\u00fcdesheim am 17.1.2026<\/strong><\/p>\n<p> <\/p>\n<p>Im Innenhof des Alten Schlosses findet am Samstag, 17. Januar 2026 der Sch\u00f6necker Winterzauber statt. Ab 15.00 Uhr gibt es dort Informationen, Musik, Kaffee &amp; Kuchen, Bratwurst, Crepes, warme und kalte Getr\u00e4nke f\u00fcr Gro\u00df und Klein. Der Winterzauber endet gegen 20.00 Uhr.<\/p>\n<p> <\/p>\n<figure class=\"wp-block-image size-large\"><img loading=\"lazy\" width=\"727\" height=\"1024\" class=\"wp-image-413\" src=\"https:\/\/www.schloss-buedesheim.de\/wp-content\/uploads\/2023\/11\/Plakat-A6-727x1024.jpg\" alt=\"A6-Plakat\" srcset=\"https:\/\/www.schloss-buedesheim.de\/wp-content\/uploads\/2023\/11\/Plakat-A6-727x1024.jpg 727w, https:\/\/www.schloss-buedesheim.de\/wp-content\/uploads\/2023\/11\/Plakat-A6-213x300.jpg 213w, https:\/\/www.schloss-buedesheim.de\/wp-content\/uploads\/2023\/11\/Plakat-A6-768x1082.jpg 768w, https:\/\/www.schloss-buedesheim.de\/wp-content\/uploads\/2023\/11\/Plakat-A6-1090x1536.jpg 1090w, https:\/\/www.schloss-buedesheim.de\/wp-content\/uploads\/2023\/11\/Plakat-A6-624x879.jpg 624w, https:\/\/www.schloss-buedesheim.de\/wp-content\/uploads\/2023\/11\/Plakat-A6.jpg 1242w\" sizes=\"(max-width: 727px) 100vw, 727px\" \/>\n<figcaption>F\u00fcr Webseite<\/figcaption>\n<\/figure>\n<p><\/p>\n<p>\u00a0<\/p>\n<p>\u00a0<\/p>\n<p>\u00a0<\/p>\n<p><strong><span class=\"has-inline-color\"><span style=\"color: #ff0000;\">Sch\u00f6necker Winzerfest 2025 vom 4. bis 5. Juli 2025 am Alten Schloss B\u00fcdeshei<\/span>m<\/span><\/strong><\/p>\n<p>Wir freuen uns, dass wir auch dieses Jahr wieder das Gesamt-Sch\u00f6necker Winzerfest am Alten Schloss in B\u00fcdesheim veranstalten k\u00f6nnen. Es findet in dieser Art zum vierten Mal statt.<\/p>\n<p><img loading=\"lazy\" class=\"alignnone  wp-image-395 aligncenter\" src=\"https:\/\/www.schloss-buedesheim.de\/wp-content\/uploads\/2025\/06\/Plakat-2025-Webseite-211x300.jpg\" alt=\"\" width=\"287\" height=\"408\" srcset=\"https:\/\/www.schloss-buedesheim.de\/wp-content\/uploads\/2025\/06\/Plakat-2025-Webseite-211x300.jpg 211w, https:\/\/www.schloss-buedesheim.de\/wp-content\/uploads\/2025\/06\/Plakat-2025-Webseite-722x1024.jpg 722w, https:\/\/www.schloss-buedesheim.de\/wp-content\/uploads\/2025\/06\/Plakat-2025-Webseite-768x1090.jpg 768w, https:\/\/www.schloss-buedesheim.de\/wp-content\/uploads\/2025\/06\/Plakat-2025-Webseite-1082x1536.jpg 1082w, https:\/\/www.schloss-buedesheim.de\/wp-content\/uploads\/2025\/06\/Plakat-2025-Webseite-1443x2048.jpg 1443w, https:\/\/www.schloss-buedesheim.de\/wp-content\/uploads\/2025\/06\/Plakat-2025-Webseite-624x885.jpg 624w, https:\/\/www.schloss-buedesheim.de\/wp-content\/uploads\/2025\/06\/Plakat-2025-Webseite-scaled.jpg 1804w\" sizes=\"(max-width: 287px) 100vw, 287px\" \/><\/p>\n<p>\u00a0<\/p>\n<p>Wie jedes Jahr gibt es Wein von Winzern aus drei verschiedenen Anbaugebieten &#8211; Rheinhessen, Rheingau und Pfalz. Flammkuchen, Wildschweinbratwurst, Pommes und Crepes gibt es f\u00fcr das leibliche Wohl. F\u00fcr alle Besucher, die kein Fleisch essen, gibt es eine vegane Alternative. Am Samstag ist unser Cafe-Bereich ge\u00f6ffnet, wo es selbstgebackene Kuchen und Torten geben wird.<\/p>\n<p>F\u00fcr die Unterhaltung sorgen verschiedene Vereine und Gruppen aus Sch\u00f6neck.<\/p>\n<p>An beiden Tagen gibt es Live-Musik.<\/p>\n<p>Am Freitag spielen ab 20.00 Uhr <span style=\"color: #ff0000;\"><strong><span class=\"has-inline-color\">EDU &amp; THE SHAKERS &#8211; Musik aus den 50er bis zu den 70ern!<\/span><\/strong><\/span><\/p>\n<p>Am Samstag spielt ab 18.00 Uhr die Band <span style=\"color: #ff0000;\"><strong><span class=\"has-inline-color\">STAGEFEVER<\/span><\/strong><span class=\"has-inline-color\"> &#8211; Pop, Rock, Schlager <\/span><\/span> und<\/p>\n<p>ab 20.00 Uhr <span class=\"has-inline-color\" style=\"color: #ff0000;\"><strong>B.A.G.<\/strong> &#8211; Pop, Folk, Country<\/span><\/p>\n<p>Das Winzerfest folgte vor vier Jahren das erste Mal auf das Federwei\u00dfer-Fest, das der Verein seit der 1200-Jahr-Feier B\u00fcdesheims veranstaltete. Der Verein wollte den B\u00fcrgern Sch\u00f6necks ein richtiges Weinfest pr\u00e4sentieren, auf dem die Winzer selbst ihre Weine anbieten. Und das Sch\u00f6necker Winzerfest ist und war bisher das einzige Gesamt-Sch\u00f6necker Fest. Drei Ortsteile &#8211; Ein Fest.<\/p>\n<p>\u00a0<\/p>\n<footer class=\"entry-meta\">\n<div class=\"entry-meta-term-single\">\u00a0<\/div>\n<\/footer>\n\n\n<p><\/p>\n","protected":false},"excerpt":{"rendered":"<p>Hier finden Sie alle zuk\u00fcnftigen und vergangenen Termine, die Sie im Zusammenhang mit unserem Verein interessieren k\u00f6nnten. Bitte beachten Sie, dass es selbst bei gr\u00f6\u00dfter Sorgfalt und Aktualit\u00e4t unsererseits immer&#8230; <a href=\"https:\/\/www.schloss-buedesheim.de\/?page_id=43\">Read more &raquo;<\/a><\/p>\n","protected":false},"author":1,"featured_media":0,"parent":0,"menu_order":0,"comment_status":"closed","ping_status":"closed","template":"","meta":[],"_links":{"self":[{"href":"https:\/\/www.schloss-buedesheim.de\/index.php?rest_route=\/wp\/v2\/pages\/43"}],"collection":[{"href":"https:\/\/www.schloss-buedesheim.de\/index.php?rest_route=\/wp\/v2\/pages"}],"about":[{"href":"https:\/\/www.schloss-buedesheim.de\/index.php?rest_route=\/wp\/v2\/types\/page"}],"author":[{"embeddable":true,"href":"https:\/\/www.schloss-buedesheim.de\/index.php?rest_route=\/wp\/v2\/users\/1"}],"replies":[{"embeddable":true,"href":"https:\/\/www.schloss-buedesheim.de\/index.php?rest_route=%2Fwp%2Fv2%2Fcomments&post=43"}],"version-history":[{"count":23,"href":"https:\/\/www.schloss-buedesheim.de\/index.php?rest_route=\/wp\/v2\/pages\/43\/revisions"}],"predecessor-version":[{"id":419,"href":"https:\/\/www.schloss-buedesheim.de\/index.php?rest_route=\/wp\/v2\/pages\/43\/revisions\/419"}],"wp:attachment":[{"href":"https:\/\/www.schloss-buedesheim.de\/index.php?rest_route=%2Fwp%2Fv2%2Fmedia&parent=43"}],"curies":[{"name":"wp","href":"https:\/\/api.w.org\/{rel}","templated":true}]}}