{"id":41,"date":"2017-08-31T18:21:20","date_gmt":"2017-08-31T18:21:20","guid":{"rendered":"https:\/\/www.schloss-buedesheim.de\/?page_id=41"},"modified":"2017-08-31T18:21:20","modified_gmt":"2017-08-31T18:21:20","slug":"spenden","status":"publish","type":"page","link":"https:\/\/www.schloss-buedesheim.de\/?page_id=41","title":{"rendered":"Spenden"},"content":{"rendered":"<p>Gerne nehmen wir Ihre Spende f\u00fcr unseren Verein entgegen.<br \/>\nWenn Sie spenden m\u00f6chten, k\u00f6nnen Sie dies gerne mit einer \u00dcberweisung mit dem Verwendungszweck &#8222;Spende&#8220; an folgende Bankverbindung tun:<\/p>\n<table frame=\"void\" cellpadding=\"10\">\n<tbody>\n<tr>\n<td width=\"30\"><\/td>\n<td bgcolor=\"#f2f2f2\">Verein Rettung Altes Schloss B\u00fcdesheim e.V.<br \/>\nSchlossstrasse 12, 61137 Sch\u00f6neck<br \/>\nFrankfurter Volksbank eG<br \/>\nKontonummer: 6001189610<br \/>\nIBAN: DE82 5019 0000 6001 1896 10<br \/>\nBIC: FFVBDEFF<\/td>\n<\/tr>\n<\/tbody>\n<\/table>\n<p>Sollten Sie eine Spendenquittung ben\u00f6tigen, wenden Sie sich bitte an:<\/p>\n<table frame=\"void\" cellpadding=\"10\">\n<tbody>\n<tr>\n<td width=\"30\"><\/td>\n<td bgcolor=\"#f2f2f2\"><a href=\"mailto:info@schloss-buedesheim.de\">info@schloss-buedesheim.de<\/a><\/td>\n<\/tr>\n<\/tbody>\n<\/table>\n<p><i>oder<\/i><\/p>\n<table frame=\"void\" cellpadding=\"10\">\n<tbody>\n<tr>\n<td width=\"30\"><\/td>\n<td bgcolor=\"#f2f2f2\">1. Vorsitzender<br \/>\nBj\u00f6rn Becker<br \/>\nSchlossstrasse 12<br \/>\n61137 Sch\u00f6neck<br \/>\nTel.: 06187 \/ 952090<\/td>\n<\/tr>\n<\/tbody>\n<\/table>\n","protected":false},"excerpt":{"rendered":"<p>Gerne nehmen wir Ihre Spende f\u00fcr unseren Verein entgegen. Wenn Sie spenden m\u00f6chten, k\u00f6nnen Sie dies gerne mit einer \u00dcberweisung mit dem Verwendungszweck &#8222;Spende&#8220; an folgende Bankverbindung tun: Verein Rettung&#8230; <a href=\"https:\/\/www.schloss-buedesheim.de\/?page_id=41\">Read more &raquo;<\/a><\/p>\n","protected":false},"author":1,"featured_media":0,"parent":0,"menu_order":0,"comment_status":"closed","ping_status":"closed","template":"","meta":[],"_links":{"self":[{"href":"https:\/\/www.schloss-buedesheim.de\/index.php?rest_route=\/wp\/v2\/pages\/41"}],"collection":[{"href":"https:\/\/www.schloss-buedesheim.de\/index.php?rest_route=\/wp\/v2\/pages"}],"about":[{"href":"https:\/\/www.schloss-buedesheim.de\/index.php?rest_route=\/wp\/v2\/types\/page"}],"author":[{"embeddable":true,"href":"https:\/\/www.schloss-buedesheim.de\/index.php?rest_route=\/wp\/v2\/users\/1"}],"replies":[{"embeddable":true,"href":"https:\/\/www.schloss-buedesheim.de\/index.php?rest_route=%2Fwp%2Fv2%2Fcomments&post=41"}],"version-history":[{"count":1,"href":"https:\/\/www.schloss-buedesheim.de\/index.php?rest_route=\/wp\/v2\/pages\/41\/revisions"}],"predecessor-version":[{"id":42,"href":"https:\/\/www.schloss-buedesheim.de\/index.php?rest_route=\/wp\/v2\/pages\/41\/revisions\/42"}],"wp:attachment":[{"href":"https:\/\/www.schloss-buedesheim.de\/index.php?rest_route=%2Fwp%2Fv2%2Fmedia&parent=41"}],"curies":[{"name":"wp","href":"https:\/\/api.w.org\/{rel}","templated":true}]}}