{"id":361,"date":"2024-05-06T16:03:44","date_gmt":"2024-05-06T14:03:44","guid":{"rendered":"https:\/\/www.schloss-buedesheim.de\/?page_id=361"},"modified":"2025-12-16T20:10:16","modified_gmt":"2025-12-16T18:10:16","slug":"startseite-2","status":"publish","type":"page","link":"https:\/\/www.schloss-buedesheim.de\/","title":{"rendered":"Aktuell"},"content":{"rendered":"\n<p class=\"has-huge-font-size\"><strong>2. Winterzauber am Alten Schloss B\u00fcdesheim am 17.1.2026<\/strong><\/p>\n\n\n\n<p>Im Innenhof des Alten Schlosses findet am Samstag, 17. Januar 2026 der Sch\u00f6necker Winterzauber statt. Ab 15.00 Uhr gibt es dort Informationen, Musik, Kaffee &amp; Kuchen, Bratwurst, Crepes, warme und kalte Getr\u00e4nke f\u00fcr Gro\u00df und Klein. Der Winterzauber endet gegen 20.00 Uhr.<\/p>\n\n\n\n<figure class=\"wp-block-image size-large\"><img loading=\"lazy\" width=\"727\" height=\"1024\" src=\"https:\/\/www.schloss-buedesheim.de\/wp-content\/uploads\/2023\/11\/Plakat-A6-727x1024.jpg\" alt=\"A6-Plakat\" class=\"wp-image-413\" srcset=\"https:\/\/www.schloss-buedesheim.de\/wp-content\/uploads\/2023\/11\/Plakat-A6-727x1024.jpg 727w, https:\/\/www.schloss-buedesheim.de\/wp-content\/uploads\/2023\/11\/Plakat-A6-213x300.jpg 213w, https:\/\/www.schloss-buedesheim.de\/wp-content\/uploads\/2023\/11\/Plakat-A6-768x1082.jpg 768w, https:\/\/www.schloss-buedesheim.de\/wp-content\/uploads\/2023\/11\/Plakat-A6-1090x1536.jpg 1090w, https:\/\/www.schloss-buedesheim.de\/wp-content\/uploads\/2023\/11\/Plakat-A6-624x879.jpg 624w, https:\/\/www.schloss-buedesheim.de\/wp-content\/uploads\/2023\/11\/Plakat-A6.jpg 1242w\" sizes=\"(max-width: 727px) 100vw, 727px\" \/><figcaption>F\u00fcr Webseite<\/figcaption><\/figure>\n\n\n\n<p><\/p>\n\n\n\n<p><\/p>\n\n\n\n<p><\/p>\n\n\n\n<p class=\"has-normal-font-size\"><strong><span style=\"color:#a30042\" class=\"has-inline-color\">Sch\u00f6necker Winzerfest 2025  vom 4. bis 5. Juli 2025 am Alten Schloss B\u00fcdesheim<\/span><\/strong><\/p>\n\n\n\n<p>Wir freuen uns, dass wir auch dieses Jahr wieder das Gesamt-Sch\u00f6necker Winzerfest am Alten Schloss in B\u00fcdesheim veranstalten k\u00f6nnen. Es findet in dieser Art zum vierten Mal statt.<\/p>\n\n\n\n<figure class=\"wp-block-image size-large\"><img loading=\"lazy\" width=\"722\" height=\"1024\" src=\"https:\/\/www.schloss-buedesheim.de\/wp-content\/uploads\/2025\/06\/Plakat-2025-Webseite-722x1024.jpg\" alt=\"\" class=\"wp-image-395\" srcset=\"https:\/\/www.schloss-buedesheim.de\/wp-content\/uploads\/2025\/06\/Plakat-2025-Webseite-722x1024.jpg 722w, https:\/\/www.schloss-buedesheim.de\/wp-content\/uploads\/2025\/06\/Plakat-2025-Webseite-211x300.jpg 211w, https:\/\/www.schloss-buedesheim.de\/wp-content\/uploads\/2025\/06\/Plakat-2025-Webseite-768x1090.jpg 768w, https:\/\/www.schloss-buedesheim.de\/wp-content\/uploads\/2025\/06\/Plakat-2025-Webseite-1082x1536.jpg 1082w, https:\/\/www.schloss-buedesheim.de\/wp-content\/uploads\/2025\/06\/Plakat-2025-Webseite-1443x2048.jpg 1443w, https:\/\/www.schloss-buedesheim.de\/wp-content\/uploads\/2025\/06\/Plakat-2025-Webseite-624x885.jpg 624w, https:\/\/www.schloss-buedesheim.de\/wp-content\/uploads\/2025\/06\/Plakat-2025-Webseite-scaled.jpg 1804w\" sizes=\"(max-width: 722px) 100vw, 722px\" \/><\/figure>\n\n\n\n<p>Wie jedes Jahr gibt es Wein von Winzern aus drei verschiedenen Anbaugebieten &#8211; Rheinhessen, Rheingau und Pfalz. Flammkuchen, Wildschweinbratwurst, Pommes und Crepes gibt es f\u00fcr das leibliche Wohl. F\u00fcr alle Besucher, die kein Fleisch essen, gibt es eine vegane Alternative. Am Samstag ist unser Cafe-Bereich ge\u00f6ffnet, wo es selbstgebackene Kuchen und Torten geben wird.<\/p>\n\n\n\n<p>F\u00fcr die Unterhaltung sorgen verschiedene Vereine und Gruppen aus Sch\u00f6neck.<\/p>\n\n\n\n<p>An beiden Tagen gibt es Live-Musik. <\/p>\n\n\n\n<p>Am Freitag spielen ab 20.00 Uhr <strong><span style=\"color:#a30047\" class=\"has-inline-color\">EDU &amp; THE SHAKERS  &#8211;  Musik aus den 50er bis zu den 70ern!<\/span><\/strong><\/p>\n\n\n\n<p>Am Samstag spielt ab 18.00 Uhr die Band <strong><span style=\"color:#a3003a\" class=\"has-inline-color\">STAGEFEVER<\/span><\/strong><span style=\"color:#a3004b\" class=\"has-inline-color\"> &#8211; Pop, Rock, Schlager <\/span>                                                 und ab 20.00 Uhr <span style=\"color:#a30059\" class=\"has-inline-color\"><strong>B.A.G.<\/strong> &#8211; Pop, Folk, Country<\/span><\/p>\n\n\n\n<p>Das Winzerfest folgte vor vier Jahren das erste Mal auf das Federwei\u00dfer-Fest, das der Verein seit der 1200-Jahr-Feier B\u00fcdesheims veranstaltete. Der Verein wollte den B\u00fcrgern Sch\u00f6necks ein richtiges Weinfest pr\u00e4sentieren, auf dem die Winzer selbst ihre Weine anbieten. Und das Sch\u00f6necker Winzerfest ist und war bisher das einzige Gesamt-Sch\u00f6necker Fest. Drei Ortsteile &#8211; Ein Fest.<\/p>\n\n\n\n<p><\/p>\n\n\n\n<p><\/p>\n\n\n\n<p><\/p>\n\n\n\n<p><strong>Winterzauber am Alten Schloss in B\u00fcdesheim brachte viele Menschen zusammen<\/strong><\/p>\n\n\n\n<p>Am 20.01.2024 fand bei bestem winterlichem Wetter der 1. Sch\u00f6necker Winterzauber statt. Der Verein Rettung altes Schloss B\u00fcdesheim e.V. hatte hierzu eingeladen. Die Idee war, die L\u00fccke zwischen den Weihnachtsm\u00e4rkten und Fasching zu f\u00fcllen und den Menschen bei Gl\u00fchweinduft, Bratwurst und Crepes ein wenig Unterhaltung zu bieten. Neben dem Chor \u201eIntonation\u201c aus Kilianst\u00e4dten sorgte die Band \u201eBAG\u201c f\u00fcr musikalische Unterhaltung. Das Ambiente des B\u00fcdesheimer Schlosses bot einen geb\u00fchrenden Rahmen und ein kleines Feuer sorgte f\u00fcr etwas W\u00e4rme. Der Verein freut sich \u00fcber den regen Zuspruch und denkt an eine Neuauflage im kommenden Jahr. Vorher wird es das 3. Sch\u00f6necker Winzerfest am Alten Schloss in B\u00fcdesheim geben. Das Fest findet am 5. Und 06. Juli 2024 statt. Die Vorbereitungen laufen bereits.<\/p>\n\n\n\n<figure class=\"wp-block-image size-large\"><img loading=\"lazy\" width=\"1024\" height=\"461\" src=\"https:\/\/www.schloss-buedesheim.de\/wp-content\/uploads\/2024\/02\/fb-Foto-1024x461.jpg\" alt=\"\" class=\"wp-image-334\" srcset=\"https:\/\/www.schloss-buedesheim.de\/wp-content\/uploads\/2024\/02\/fb-Foto-1024x461.jpg 1024w, https:\/\/www.schloss-buedesheim.de\/wp-content\/uploads\/2024\/02\/fb-Foto-300x135.jpg 300w, https:\/\/www.schloss-buedesheim.de\/wp-content\/uploads\/2024\/02\/fb-Foto-768x346.jpg 768w, https:\/\/www.schloss-buedesheim.de\/wp-content\/uploads\/2024\/02\/fb-Foto-1536x691.jpg 1536w, https:\/\/www.schloss-buedesheim.de\/wp-content\/uploads\/2024\/02\/fb-Foto-2048x922.jpg 2048w, https:\/\/www.schloss-buedesheim.de\/wp-content\/uploads\/2024\/02\/fb-Foto-624x281.jpg 624w\" sizes=\"(max-width: 1024px) 100vw, 1024px\" \/><\/figure>\n\n\n\n<p><\/p>\n\n\n\n<p><strong>Das 3. Sch\u00f6necker Winzerfest, das vom 5. bis 6. Juli 2024 stattfindet, ist in der Vorbereitung! <\/strong><\/p>\n\n\n\n<p>Das 3. Sch\u00f6necker Winzerfest besch\u00e4ftigt das Organisationsteam schon seit dem 1. Februar 2024. Die Planung l\u00e4uft so fr\u00fch an, um ein sch\u00f6nes Fest f\u00fcr die Sch\u00f6necker B\u00fcrgerInnen (und die G\u00e4ste aus anderen Orten) zu gew\u00e4hrleisten.<\/p>\n\n\n\n<p>Auch dieses Jahr wieder hat unsere, leider scheidende, B\u00fcrgermeisterin Conny R\u00fcck die Schirmherrschaft f\u00fcr das Winzerfest \u00fcbernommen, was uns als Verein mit Stolz erf\u00fcllt.<\/p>\n\n\n\n<p>Am Freitag beginnt dieses Jahr das Fest schon zur Er\u00f6ffnung mit Live-Musik. F\u00fcr den Freitag Abend hat uns eine bekannte Musikgruppe zugesagt, die das Winzerfest durch ihren Auftritt unterst\u00fctzt. Auch das macht uns sehr stolz, denn wir waren echt platt, als diese Zusage kam. Vielen herzlichen Dank daf\u00fcr!!! N\u00e4here Informationen folgen.<\/p>\n\n\n\n<p>F\u00fcr den Samstag dann zeigen Vereine ihr K\u00f6nnen, sei es sportlich oder musikalisch. Auch wird es wieder Live-Musik geben, ebenfalls spielen zwei Musikgruppen an diesem Tag.<\/p>\n\n\n\n<p>F\u00fcr das leibliche Wohl sorgen wie immer die Winzer und der Verein. Mit Flammkuchen, Wildbrat- und Rindswurt, Pommes, Crepes, Kaffee, Kuchen und gek\u00fchlten Getr\u00e4nken.<\/p>\n\n\n\n<p>Wir m\u00f6chten an dieser Stelle darauf hinweisen, dass wir wirklich toll unterst\u00fctzt werden von den Sch\u00f6necker Bauhofmitarbeitern, der Verwaltung, Feuerwehr, FC 66 und den Sch\u00fctzen. Und denen, die ich jetzt vergessen habe, zu erw\u00e4hnen.<\/p>\n\n\n\n<p>Um so ein Fest veranstalten zu k\u00f6nnen, ben\u00f6tigen wir f\u00fcr diese beiden Tage um die 60 Menschen, die an den St\u00e4nden helfen und alles am Laufen halten. Unser Verein hat gar nicht gen\u00fcgend Mitglieder, um das alles m\u00f6glich zu machen. Wir haben jedoch HelferInnen, die freiwillig, ohne Vereinszugeh\u00f6rigkeit bei der Durchf\u00fchrung helfen. Sollten sie also Zeit und Lust haben, uns bei der Durchf\u00fchrung des Festes durch eine \u00dcbernahme eines zweist\u00fcndigen Dienstes an einem unserer Verkaufsst\u00e4nde zu unterst\u00fctzen, dann schreiben oder rufen sie uns an.<\/p>\n","protected":false},"excerpt":{"rendered":"<p>2. Winterzauber am Alten Schloss B\u00fcdesheim am 17.1.2026 Im Innenhof des Alten Schlosses findet am Samstag, 17. Januar 2026 der Sch\u00f6necker Winterzauber statt. Ab 15.00 Uhr gibt es dort Informationen,&#8230; <a href=\"https:\/\/www.schloss-buedesheim.de\/\">Read more &raquo;<\/a><\/p>\n","protected":false},"author":1,"featured_media":0,"parent":0,"menu_order":0,"comment_status":"closed","ping_status":"closed","template":"","meta":[],"_links":{"self":[{"href":"https:\/\/www.schloss-buedesheim.de\/index.php?rest_route=\/wp\/v2\/pages\/361"}],"collection":[{"href":"https:\/\/www.schloss-buedesheim.de\/index.php?rest_route=\/wp\/v2\/pages"}],"about":[{"href":"https:\/\/www.schloss-buedesheim.de\/index.php?rest_route=\/wp\/v2\/types\/page"}],"author":[{"embeddable":true,"href":"https:\/\/www.schloss-buedesheim.de\/index.php?rest_route=\/wp\/v2\/users\/1"}],"replies":[{"embeddable":true,"href":"https:\/\/www.schloss-buedesheim.de\/index.php?rest_route=%2Fwp%2Fv2%2Fcomments&post=361"}],"version-history":[{"count":12,"href":"https:\/\/www.schloss-buedesheim.de\/index.php?rest_route=\/wp\/v2\/pages\/361\/revisions"}],"predecessor-version":[{"id":417,"href":"https:\/\/www.schloss-buedesheim.de\/index.php?rest_route=\/wp\/v2\/pages\/361\/revisions\/417"}],"wp:attachment":[{"href":"https:\/\/www.schloss-buedesheim.de\/index.php?rest_route=%2Fwp%2Fv2%2Fmedia&parent=361"}],"curies":[{"name":"wp","href":"https:\/\/api.w.org\/{rel}","templated":true}]}}